{"id":105,"date":"2018-03-21T17:52:19","date_gmt":"2018-03-21T20:52:19","guid":{"rendered":"http:\/\/coreconms.org.br\/portal-transparencia\/?page_id=105"},"modified":"2023-04-11T15:05:16","modified_gmt":"2023-04-11T18:05:16","slug":"editais-e-resultados","status":"publish","type":"page","link":"https:\/\/coreconms.org.br\/portal-transparencia\/editais-e-resultados\/","title":{"rendered":"Editais e Resultados"},"content":{"rendered":"\n<table id=\"tablepress-28\" class=\"tablepress tablepress-id-28\">\n<thead>\n<tr class=\"row-1 odd\">\n\t<th colspan=\"5\" class=\"column-1\"><center>2023<\/center><\/th>\n<\/tr>\n<\/thead>\n<tbody class=\"row-hover\">\n<tr class=\"row-2 even\">\n\t<td colspan=\"5\" class=\"column-1\"><center><a href=\"https:\/\/coreconms.org.br\/portal-transparencia\/wp-content\/uploads\/2024\/02\/Licitacao-2023-1.pdf\">Aviso de Licita\u00e7\u00e3o<\/a><\/center><\/td>\n<\/tr>\n<\/tbody>\n<\/table>\n<!-- #tablepress-28 from cache -->\n\n<table id=\"tablepress-23\" class=\"tablepress tablepress-id-23\">\n<thead>\n<tr class=\"row-1 odd\">\n\t<th colspan=\"4\" class=\"column-1\"><center>2022<\/center><\/th>\n<\/tr>\n<\/thead>\n<tbody class=\"row-hover\">\n<tr class=\"row-2 even\">\n\t<td colspan=\"4\" class=\"column-1\"><center><a href=\"http:\/\/coreconms.org.br\/portal-transparencia\/wp-content\/uploads\/2022\/12\/Licita\u00e7\u00e3o-2022-1.pdf\">Aviso de Licita\u00e7\u00e3o<\/a><\/center><\/td>\n<\/tr>\n<\/tbody>\n<\/table>\n<!-- #tablepress-23 from cache -->\n\n<table id=\"tablepress-22\" class=\"tablepress tablepress-id-22\">\n<thead>\n<tr class=\"row-1 odd\">\n\t<th colspan=\"4\" class=\"column-1\"><center>2021<\/center><\/th>\n<\/tr>\n<\/thead>\n<tbody class=\"row-hover\">\n<tr class=\"row-2 even\">\n\t<td colspan=\"4\" class=\"column-1\"><center><a href=\"http:\/\/coreconms.org.br\/portal-transparencia\/wp-content\/uploads\/2022\/01\/Licita\u00e7\u00e3o-2021.pdf\">Aviso de Licita\u00e7\u00e3o<\/a><\/center><\/td>\n<\/tr>\n<\/tbody>\n<\/table>\n<!-- #tablepress-22 from cache -->\n\n<table id=\"tablepress-21\" class=\"tablepress tablepress-id-21\">\n<thead>\n<tr class=\"row-1 odd\">\n\t<th colspan=\"4\" class=\"column-1\"><center>2020<\/center><\/th>\n<\/tr>\n<\/thead>\n<tbody class=\"row-hover\">\n<tr class=\"row-2 even\">\n\t<td colspan=\"4\" class=\"column-1\"><center><a href=\"http:\/\/coreconms.org.br\/portal-transparencia\/wp-content\/uploads\/2021\/07\/Licita\u00e7\u00e3o-2020.pdf\">Aviso de Licita\u00e7\u00e3o<\/a><\/center><\/td>\n<\/tr>\n<\/tbody>\n<\/table>\n<!-- #tablepress-21 from cache -->\n\n<table id=\"tablepress-7\" class=\"tablepress tablepress-id-7\">\n<thead>\n<tr class=\"row-1 odd\">\n\t<th colspan=\"4\" class=\"column-1\"><center>2019<\/center><\/th>\n<\/tr>\n<\/thead>\n<tbody class=\"row-hover\">\n<tr class=\"row-2 even\">\n\t<td colspan=\"4\" class=\"column-1\"><center><b>Convite N\u00ba 01\/2019<\/center><\/b><\/td>\n<\/tr>\n<tr class=\"row-3 odd\">\n\t<td class=\"column-1\"><center><a href=\"http:\/\/coreconms.org.br\/portal-transparencia\/wp-content\/uploads\/2019\/03\/Aviso-de-Licita\u00e7\u00e3o-n.-01-2019-CORECON-MS.pdf\">Aviso de Licita\u00e7\u00e3o<\/a><\/center><\/td><td class=\"column-2\"><center><a href=\"http:\/\/coreconms.org.br\/portal-transparencia\/wp-content\/uploads\/2019\/03\/Edital-licita\u00e7\u00e3o-convite-assessoria-jur\u00eddica.pdf\">Edital<\/a><\/center><\/td><td class=\"column-3\"><center><a href=\"http:\/\/coreconms.org.br\/portal-transparencia\/wp-content\/uploads\/2019\/03\/Ata-de-abertura-E-julgamento-atualizada.pdf\">Ata de Abertura e Julgamento<\/a><\/center><\/td><td class=\"column-4\"><center><a href=\"http:\/\/coreconms.org.br\/portal-transparencia\/wp-content\/uploads\/2019\/03\/homologacao-e-adjudicacao-Convite-01-19.pdf\">Homologa\u00e7\u00e3o e Adjudica\u00e7\u00e3o<\/a><\/center><\/td>\n<\/tr>\n<\/tbody>\n<\/table>\n<!-- #tablepress-7 from cache -->\n\n<table id=\"tablepress-5\" class=\"tablepress tablepress-id-5\">\n<thead>\n<tr class=\"row-1 odd\">\n\t<th colspan=\"4\" class=\"column-1\"><center>2018<\/center><\/th>\n<\/tr>\n<\/thead>\n<tbody class=\"row-hover\">\n<tr class=\"row-2 even\">\n\t<td colspan=\"4\" class=\"column-1\"><center><b>Convite N\u00ba 01\/2018<\/center><\/b><\/td>\n<\/tr>\n<tr class=\"row-3 odd\">\n\t<td class=\"column-1\"><center><a href=\"http:\/\/coreconms.org.br\/portal-transparencia\/wp-content\/uploads\/2018\/03\/Aviso-de-Licita\u00e7\u00e3o-01-18.pdf\">Aviso de Licita\u00e7\u00e3o<\/a><\/center><\/td><td class=\"column-2\"><center><a href=\"http:\/\/coreconms.org.br\/portal-transparencia\/wp-content\/uploads\/2018\/03\/EDITAL-DE-CONVITE-01-2018-CORECON-MS.pdf\">Edital<\/a><\/center><\/td><td class=\"column-3\"><center><a href=\"http:\/\/coreconms.org.br\/portal-transparencia\/wp-content\/uploads\/2018\/03\/Aviso-de-Resultado-Convite-01-2018.pdf\">Aviso de Resultado<\/a><\/center><\/td><td class=\"column-4\"><center><a href=\"http:\/\/coreconms.org.br\/portal-transparencia\/wp-content\/uploads\/2018\/03\/Convite-01-18-Ata-de-abertura-e-julgamento.pdf\">Ata de Abertura e Julgamento<\/a><center><\/td>\n<\/tr>\n<tr class=\"row-4 even\">\n\t<td colspan=\"4\" class=\"column-1\"><b><center>Convite N\u00ba 02\/2018<\/center><\/b><\/td>\n<\/tr>\n<tr class=\"row-5 odd\">\n\t<td class=\"column-1\"><center><a href=\"http:\/\/coreconms.org.br\/portal-transparencia\/wp-content\/uploads\/2018\/07\/Aviso-de-Licita\u00e7\u00e3o-n.-02-2018-CORECON-MS.pdf\">Aviso de Licita\u00e7\u00e3o<\/a><\/center><\/td><td class=\"column-2\"><center><a href=\"http:\/\/coreconms.org.br\/portal-transparencia\/wp-content\/uploads\/2018\/07\/NOVO-EDITAL-DE-CONVITE-N.-02-18-CORECON-MS.pdf\">Edital<\/a><\/center><\/td><td class=\"column-3\"><center><a href=\"http:\/\/coreconms.org.br\/portal-transparencia\/wp-content\/uploads\/2018\/07\/Novo-Memorial-Descritivo-CORECON-MS.pdf\">Memorial Descritivo <\/a><\/center><\/td><td class=\"column-4\"><center><a href=\"http:\/\/coreconms.org.br\/portal-transparencia\/wp-content\/uploads\/2018\/07\/Apresenta\u00e7\u00e3o-Layout-02-01.pdf\">Layout<\/a><center><\/td>\n<\/tr>\n<tr class=\"row-6 even\">\n\t<td class=\"column-1\"><center><a href=\"http:\/\/coreconms.org.br\/portal-transparencia\/wp-content\/uploads\/2018\/07\/PLANILHA-MODELO-CORECON-MS-03-18-Novo-1.xls\">Planilhas <\/a><\/center><\/td><td class=\"column-2\"><center><a href=\"http:\/\/coreconms.org.br\/portal-transparencia\/wp-content\/uploads\/2018\/07\/DE-ELE-CORECON-001-REV00-carimbo-02-layout.pdf\">Projeto El\u00e9trico<\/a><\/center><\/td><td class=\"column-3\"><center><a href=\"http:\/\/coreconms.org.br\/portal-transparencia\/wp-content\/uploads\/2018\/07\/DE-HID-CORECON-001-REV00-carimbo.pdf\">Projeto Hidrossanit\u00e1rio<\/a><\/center><\/td><td class=\"column-4\"><center><a href=\"http:\/\/coreconms.org.br\/portal-transparencia\/wp-content\/uploads\/2018\/07\/DE-PROJ.BOMBEIRO-CORECON-001-REV00-carimbo.pdf\">Projeto Bombeiro<\/a><\/center><\/td>\n<\/tr>\n<tr class=\"row-7 odd\">\n\t<td class=\"column-1\"><center><a href=\"http:\/\/coreconms.org.br\/portal-transparencia\/wp-content\/uploads\/2018\/07\/NOVO-Aviso-de-Prorroga\u00e7\u00e3o-Licita\u00e7\u00e3o-n.-02-2018-CORECON-MS.pdf\">Aviso de Prorroga\u00e7\u00e3o <\/a><\/center><\/td><td class=\"column-2\"><center><a href=\"http:\/\/coreconms.org.br\/portal-transparencia\/wp-content\/uploads\/2018\/08\/Aviso-de-Resultado-02-2018-1.pdf\">Aviso de Resultado<\/a><\/center><\/td><td class=\"column-3\"><center><a href=\"http:\/\/coreconms.org.br\/portal-transparencia\/wp-content\/uploads\/2018\/08\/Ata-de-abertura-e-julgamento-Convite-02-2018.pdf\">Ata de Abertura e Julgamento<\/a><\/center><\/td><td class=\"column-4\"><\/td>\n<\/tr>\n<tr class=\"row-8 even\">\n\t<td colspan=\"4\" class=\"column-1\"><b><center>Convite N\u00ba 03\/2018<\/center><\/b><\/td>\n<\/tr>\n<tr class=\"row-9 odd\">\n\t<td class=\"column-1\"><center><a href=\"http:\/\/coreconms.org.br\/portal-transparencia\/wp-content\/uploads\/2018\/07\/Aviso-de-Licita\u00e7\u00e3o-n.-03-2018-CORECON-MS-Ar-Condicionado.pdf\">Aviso de Licita\u00e7\u00e3o<\/a><\/center><\/td><td class=\"column-2\"><center><a href=\"http:\/\/coreconms.org.br\/portal-transparencia\/wp-content\/uploads\/2018\/08\/EDITAL-DE-CONVITE-N-03-18-ar-condicionado-ALTERADO.pdf\">Edital <\/a><\/center><\/td><td class=\"column-3\"><center><a href=\"http:\/\/coreconms.org.br\/portal-transparencia\/wp-content\/uploads\/2018\/07\/ANEXO-I-Ar-condicionado-CORECON-MS.xls\">Planilha<\/a><\/center><\/td><td class=\"column-4\"><center><a href=\"http:\/\/coreconms.org.br\/portal-transparencia\/wp-content\/uploads\/2018\/08\/Aviso-de-Prorroga\u00e7\u00e3o-de-Licita\u00e7\u00e3o-n.-03-2018-CORECON-MS-Ar-Condicionado.pdf\">Aviso de Prorroga\u00e7\u00e3o<\/a><\/center><\/td>\n<\/tr>\n<tr class=\"row-10 even\">\n\t<td class=\"column-1\"><center><a href=\"http:\/\/coreconms.org.br\/portal-transparencia\/wp-content\/uploads\/2018\/08\/Aviso-de-Cancelamento.pdf\">Aviso de Cancelamento<\/a><\/center><\/td><td class=\"column-2\"><\/td><td class=\"column-3\"><\/td><td class=\"column-4\"><\/td>\n<\/tr>\n<tr class=\"row-11 odd\">\n\t<td colspan=\"4\" class=\"column-1\"><b><center>Preg\u00e3o Presencial N\u00ba 01\/2018<\/center><\/b><\/td>\n<\/tr>\n<tr class=\"row-12 even\">\n\t<td class=\"column-1\"><center><a href=\"http:\/\/coreconms.org.br\/portal-transparencia\/wp-content\/uploads\/2018\/09\/Aviso-de-Licita\u00e7\u00e3o-n.-04-2018-CORECON-MS-Ar-Condicionado.pdf\">Aviso de Licita\u00e7\u00e3o<\/a><\/center><\/td><td class=\"column-2\"><center><a href=\"http:\/\/coreconms.org.br\/portal-transparencia\/wp-content\/uploads\/2018\/09\/Edital-Preg\u00e3o-Presencial-n-01-2018-Ar-condicionado.pdf\">Edital<\/a><\/center><\/td><td class=\"column-3\"><center><a href=\"http:\/\/coreconms.org.br\/portal-transparencia\/wp-content\/uploads\/2018\/10\/Aviso-de-Resultado-03-2018.pdf\">Aviso de Resultado<\/a><\/center><\/td><td class=\"column-4\"><center><a href=\"http:\/\/coreconms.org.br\/portal-transparencia\/wp-content\/uploads\/2018\/10\/Preg\u00e3o-Presencial-01-2018-Ata-de-abertura-E-julgamento-atualizada-1.pdf\">Ata de Abertura e Julgamento<\/a><\/center><\/td>\n<\/tr>\n<\/tbody>\n<\/table>\n<!-- #tablepress-5 from cache -->\n","protected":false},"excerpt":{"rendered":"","protected":false},"author":1,"featured_media":0,"parent":0,"menu_order":0,"comment_status":"closed","ping_status":"closed","template":"","meta":{"footnotes":""},"_links":{"self":[{"href":"https:\/\/coreconms.org.br\/portal-transparencia\/wp-json\/wp\/v2\/pages\/105"}],"collection":[{"href":"https:\/\/coreconms.org.br\/portal-transparencia\/wp-json\/wp\/v2\/pages"}],"about":[{"href":"https:\/\/coreconms.org.br\/portal-transparencia\/wp-json\/wp\/v2\/types\/page"}],"author":[{"embeddable":true,"href":"https:\/\/coreconms.org.br\/portal-transparencia\/wp-json\/wp\/v2\/users\/1"}],"replies":[{"embeddable":true,"href":"https:\/\/coreconms.org.br\/portal-transparencia\/wp-json\/wp\/v2\/comments?post=105"}],"version-history":[{"count":10,"href":"https:\/\/coreconms.org.br\/portal-transparencia\/wp-json\/wp\/v2\/pages\/105\/revisions"}],"predecessor-version":[{"id":1557,"href":"https:\/\/coreconms.org.br\/portal-transparencia\/wp-json\/wp\/v2\/pages\/105\/revisions\/1557"}],"wp:attachment":[{"href":"https:\/\/coreconms.org.br\/portal-transparencia\/wp-json\/wp\/v2\/media?parent=105"}],"curies":[{"name":"wp","href":"https:\/\/api.w.org\/{rel}","templated":true}]}}