{"id":17,"date":"2017-06-13T09:04:58","date_gmt":"2017-06-13T12:04:58","guid":{"rendered":"http:\/\/localhost\/transparencia\/?page_id=17"},"modified":"2024-03-27T17:48:33","modified_gmt":"2024-03-27T20:48:33","slug":"17-2","status":"publish","type":"page","link":"https:\/\/coreconms.org.br\/portal-transparencia\/","title":{"rendered":""},"content":{"rendered":"<p class=\"padro\" style=\"text-align: justify; background: white; margin: 0cm 0cm 10.0pt 0cm;\">Bem-vindo ao Portal da Transpar\u00eancia e Presta\u00e7\u00e3o de Contas do Conselho Regional de Economia de Mato Grosso do Sul &#8211; 20\u00aa Regi\u00e3o, uma ferramenta que permite ao p\u00fablico acessar as informa\u00e7\u00f5es de forma r\u00e1pida e cont\u00ednua.<\/p>\n<p class=\"padro\" style=\"text-align: justify; background: white; margin: 0cm 0cm 10.0pt 0cm;\">As informa\u00e7\u00f5es do Portal t\u00eam como objetivo atender a\u00a0Lei n\u00ba 12.527, de 18 de novembro de 2011, que regula o acesso a informa\u00e7\u00f5es previsto no inciso XXXIII do art. 5\u00ba, no inciso II do \u00a7 3\u00ba do art. 37 e no \u00a7 2\u00ba do art. 216 da Constitui\u00e7\u00e3o Federal; altera a Lei n\u00ba 8.112, de 11 de dezembro de 1990; revoga a Lei n\u00ba 11.111, de 5 de maio de 2005, e dispositivos da Lei n\u00ba 8.159, de 8 de janeiro de 1991; e d\u00e1 outras provid\u00eancias.<\/p>\n<p class=\"padro\" style=\"text-align: justify; background: white; margin: 0cm 0cm 12.0pt 0cm;\">Para facilitar o acesso, as informa\u00e7\u00f5es est\u00e3o organizadas por ano e m\u00eas e disponibilizadas em formato fechado (PDF).<\/p>\n\n\n<div class=\"button-center display=\"center;\"><div class=\"button-container\" style=\"background-color: #007bff;width: 350px; height: 50px; display: flex; font-size: 14px; font-weight: bold; justify-content: center; align-items: center;\">\n    <a href=\"https:\/\/www.studiosti.com.br\/PortalTransparencia\/Economia\/CORECONMS\/\" class=\"button\" style=\"color: white;\">Portal de transpar\u00eancia a partir de 2023<\/a>\n<\/div><\/div>\n","protected":false},"excerpt":{"rendered":"<p>Bem-vindo ao Portal da Transpar\u00eancia e Presta\u00e7\u00e3o de Contas do Conselho Regional de Economia de Mato Grosso do Sul &#8211; 20\u00aa Regi\u00e3o, uma ferramenta que permite ao p\u00fablico acessar as informa\u00e7\u00f5es de forma r\u00e1pida e cont\u00ednua. As informa\u00e7\u00f5es do Portal t\u00eam como objetivo atender a\u00a0Lei n\u00ba 12.527, de 18 de novembro de 2011, que regula &hellip; <a href=\"https:\/\/coreconms.org.br\/portal-transparencia\/\" class=\"more-link\">Continue reading <span class=\"screen-reader-text\"><\/span><\/a><\/p>\n","protected":false},"author":1,"featured_media":0,"parent":0,"menu_order":0,"comment_status":"closed","ping_status":"closed","template":"","meta":{"footnotes":""},"_links":{"self":[{"href":"https:\/\/coreconms.org.br\/portal-transparencia\/wp-json\/wp\/v2\/pages\/17"}],"collection":[{"href":"https:\/\/coreconms.org.br\/portal-transparencia\/wp-json\/wp\/v2\/pages"}],"about":[{"href":"https:\/\/coreconms.org.br\/portal-transparencia\/wp-json\/wp\/v2\/types\/page"}],"author":[{"embeddable":true,"href":"https:\/\/coreconms.org.br\/portal-transparencia\/wp-json\/wp\/v2\/users\/1"}],"replies":[{"embeddable":true,"href":"https:\/\/coreconms.org.br\/portal-transparencia\/wp-json\/wp\/v2\/comments?post=17"}],"version-history":[{"count":40,"href":"https:\/\/coreconms.org.br\/portal-transparencia\/wp-json\/wp\/v2\/pages\/17\/revisions"}],"predecessor-version":[{"id":1950,"href":"https:\/\/coreconms.org.br\/portal-transparencia\/wp-json\/wp\/v2\/pages\/17\/revisions\/1950"}],"wp:attachment":[{"href":"https:\/\/coreconms.org.br\/portal-transparencia\/wp-json\/wp\/v2\/media?parent=17"}],"curies":[{"name":"wp","href":"https:\/\/api.w.org\/{rel}","templated":true}]}}